{"id":2,"date":"2021-04-16T09:28:38","date_gmt":"2021-04-16T06:28:38","guid":{"rendered":"http:\/\/www.drburcukardasarslan.com\/en\/?page_id=2"},"modified":"2025-02-10T17:45:53","modified_gmt":"2025-02-10T14:45:53","slug":"about","status":"publish","type":"page","link":"https:\/\/www.drburcukardasarslan.com\/en\/about\/","title":{"rendered":"About"},"content":{"rendered":"\r\n<p>&nbsp;<\/p>\r\n<p><img loading=\"lazy\" decoding=\"async\" class=\"alignleft wp-image-304 size-full\" src=\"https:\/\/www.drburcukardasarslan.com\/en\/wp-content\/uploads\/2025\/02\/yeni-yatay.jpg\" alt=\"\" width=\"762\" height=\"386\" srcset=\"https:\/\/www.drburcukardasarslan.com\/en\/wp-content\/uploads\/2025\/02\/yeni-yatay.jpg 762w, https:\/\/www.drburcukardasarslan.com\/en\/wp-content\/uploads\/2025\/02\/yeni-yatay-300x152.jpg 300w, https:\/\/www.drburcukardasarslan.com\/en\/wp-content\/uploads\/2025\/02\/yeni-yatay-760x386.jpg 760w\" sizes=\"auto, (max-width: 762px) 100vw, 762px\" \/><\/p>\r\n<h2>ACADEMIC BACKGROUND<\/h2>\r\n<p>Dr. Burcu Karda\u015f Arslan started her education at Trakya University Faculty of Medicine for the profession of doctor, which has been her goal since her childhood, and after graduating from the university in 1988, she was accepted to specialization in the Department of Obstetrics and Gynecology at Cologne University in Germany. . Working with experts in different disciplines abroad, she gained the habit of looking at cases from multiple perspectives, as well as learning new techniques. After her unique experiences there, she went to the USA and continued her studies in various fields at Wayne State University in Detroit. During her residency, she participated in research on the effects of VEGF molecule on IVF success in infertile patients and the comparison of follicular fluid VEGF concentrations in patients with endometriosis.<\/p>\r\n<p>Reinforcing his multi-disciplinary perspective with the experiences he gained abroad, Dr. Burcu Karda\u015f Arslan returned to Turkey and received her Gynecology and Obstetrics specialization diploma from Istanbul University Capa Medical Faculty in 2005. After working as a &#8220;Gynecology and Obstetrics Specialist&#8221; in a private clinic on top of her domestic and international experiences, she established her own clinic in 2006.<\/p>\r\n<h2>ABOUT BURCU KARDAS ARSLAN<\/h2>\r\n<p>Taking a supportive and problem-solving role by taking part in this special journey of his patients since 2006, Dr. Since Burcu Karda\u015f Arslan believes in the power of open communication, she continues to convey the procedures about the procedures to be applied to her patients with all transparency in her clinic in Ni\u015fanta\u015f\u0131.<\/p>\r\n<p>Doing his job with passion and meticulousness, Dr. One of the strongest reasons for Burcu Arslan&#8217;s specialization in the field of Obstetrics and Gynecology is to witness the miraculous process from the moment of birth of a baby who will open her eyes to the moment she is left in the arms of her parents, to foresee the risks that may arise, to ensure that the birth takes place without any problems, and to touch thousands of lives and raise hopes.<\/p>\r\n<p>Dr. Burcu Karda\u015f Arslan believes that, both as a mother and as a woman, her fellows should take steps by thinking about their own health and happiness in every decision they take regarding their own bodies. And with this philosophy, it breaks the long-standing taboos on gynecology and genital area aesthetics, one by one, by raising the awareness of its patients on all aspects of its expertise, and becomes a pioneer in these matters.<\/p>\r\n<p>Dr. Burcu Karda\u015f Arslan continues to sincerely answer dozens of questions that arise in the minds of her patients every day, to relieve their fears in addition to treatment procedures, and to encourage them with her endless energy by listening carefully.<\/p>\r\n<p>By following his patients with routine controls, Dr. Burcu Karda\u015f Arslan invites you to make new beginnings in her clinic in Ni\u015fanta\u015f\u0131&#8230;<\/p>\r\n<p>&nbsp;<\/p>\r\n<p><br \/>Areas of expertise<br \/>Obstetrics &amp; Gynecology<br \/>Pregnancy Termination<br \/>Genital Area Aesthetics<br \/>Hymen Planting<br \/>Sexually transmitted diseases<br \/>Urinary incontinence treatments<br \/>Menopause period and anti-aging applications<\/p>\r\n","protected":false},"excerpt":{"rendered":"<p>&nbsp; ACADEMIC BACKGROUND Dr. Burcu Karda\u015f Arslan started her education at Trakya University Faculty of Medicine for the profession of doctor, which has been her goal since her childhood, and after graduating from the university in 1988, she was accepted to specialization in the Department of Obstetrics and Gynecology at Cologne University in Germany. . [&hellip;]<\/p>\n","protected":false},"author":1,"featured_media":0,"parent":0,"menu_order":0,"comment_status":"closed","ping_status":"closed","template":"","meta":{"footnotes":""},"class_list":["post-2","page","type-page","status-publish","hentry"],"aioseo_notices":[],"_links":{"self":[{"href":"https:\/\/www.drburcukardasarslan.com\/en\/wp-json\/wp\/v2\/pages\/2","targetHints":{"allow":["GET"]}}],"collection":[{"href":"https:\/\/www.drburcukardasarslan.com\/en\/wp-json\/wp\/v2\/pages"}],"about":[{"href":"https:\/\/www.drburcukardasarslan.com\/en\/wp-json\/wp\/v2\/types\/page"}],"author":[{"embeddable":true,"href":"https:\/\/www.drburcukardasarslan.com\/en\/wp-json\/wp\/v2\/users\/1"}],"replies":[{"embeddable":true,"href":"https:\/\/www.drburcukardasarslan.com\/en\/wp-json\/wp\/v2\/comments?post=2"}],"version-history":[{"count":4,"href":"https:\/\/www.drburcukardasarslan.com\/en\/wp-json\/wp\/v2\/pages\/2\/revisions"}],"predecessor-version":[{"id":306,"href":"https:\/\/www.drburcukardasarslan.com\/en\/wp-json\/wp\/v2\/pages\/2\/revisions\/306"}],"wp:attachment":[{"href":"https:\/\/www.drburcukardasarslan.com\/en\/wp-json\/wp\/v2\/media?parent=2"}],"curies":[{"name":"wp","href":"https:\/\/api.w.org\/{rel}","templated":true}]}}